{"id":241,"date":"2025-09-17T11:57:50","date_gmt":"2025-09-17T09:57:50","guid":{"rendered":"https:\/\/fibufly.empressia.dev\/?page_id=241"},"modified":"2026-02-24T15:06:28","modified_gmt":"2026-02-24T14:06:28","slug":"kontakt","status":"publish","type":"page","link":"https:\/\/fibufly.com\/de\/kontakt\/","title":{"rendered":"Kontakt"},"content":{"rendered":"\n<section class=\"hero block! h-[50dvh] lg:h-auto lg:aspect-[360\/159] full-width relative\" style=\"margin-top: calc(var(--navbar-height) * -1)\">\n\t<div class=\"hero__inner grid relative h-full overflow-hidden\">\n\t\t\n<div class=\"overflow-hidden\">\n\t\t\t<figure class=\"h-full\">\n\t\t\t\n                \n\n    \n                \n    \n    <img fetchpriority=\"high\" decoding=\"async\" width=\"7008\" height=\"3243\" src=\"https:\/\/fibufly.com\/wp-content\/uploads\/2025\/09\/AdobeStock_1562102725.avif\" class=\"size-full object-cover object-center\" alt=\"AdobeStock_1562102725\" loading=\"eager\" srcset=\"https:\/\/fibufly.com\/wp-content\/uploads\/2025\/09\/AdobeStock_1562102725.avif 7008w, https:\/\/fibufly.com\/wp-content\/uploads\/2025\/09\/AdobeStock_1562102725-300x139.avif 300w, https:\/\/fibufly.com\/wp-content\/uploads\/2025\/09\/AdobeStock_1562102725-1024x474.avif 1024w, https:\/\/fibufly.com\/wp-content\/uploads\/2025\/09\/AdobeStock_1562102725-768x355.avif 768w, https:\/\/fibufly.com\/wp-content\/uploads\/2025\/09\/AdobeStock_1562102725-1536x711.avif 1536w, https:\/\/fibufly.com\/wp-content\/uploads\/2025\/09\/AdobeStock_1562102725-2048x948.avif 2048w, https:\/\/fibufly.com\/wp-content\/uploads\/2025\/09\/AdobeStock_1562102725-500x231.avif 500w\" sizes=\"(max-width: 7008px) 100vw, 7008px\" \/>\n\n\t\t<\/figure>\n\t<\/div>\n\n<div class=\"content-grid relative z-1\">\n\t<div class=\"mt-auto pb-[25%] md:pb-[15%] xl:pl-80 relative\">\n\t\t\t\t\t\n\t<h1 class=\"  text-white\">\n\n\t\tKontakt\n\n\t<\/h1>\n\n\t\t\n\t\t<div class=\"size-12 rounded-full absolute hidden md:block bg-secondary-50 -left-[3%] -top-[5%]\"><\/div>\n\t<\/div>\n<\/div>\n\n<div class=\"bg-linear-(--main-gradient) rounded-full hidden md:block md:size-80 absolute left-[30%] lg:left-[20%] xxxxl:left-[30%] -top-40 z-10\"><\/div>\n\t<\/div>\n\n\t\t\t<div class=\"size-48 rounded-full bg-white absolute -bottom-24 -left-24\"><\/div>\n\t<\/section>\n\n\n<section class=\"contact-form full-width bg-neutral-50 relative full-width block! overflow-x-clip z-10 pb-48 xxl:pb-0\">\n\t<span class=\"absolute size-[102.4rem] [&#038;_svg]:size-[102.4rem] left-0 top-0 -translate-1\/2 opacity-50 pointer-events-none\"><svg width=\"512\" height=\"512\" viewbox=\"0 0 512 512\" fill=\"none\" xmlns=\"http:\/\/www.w3.org\/2000\/svg\">\n\t<circle opacity=\"0.08\" cx=\"256\" cy=\"256\" r=\"159.5\" stroke=\"#181325\"\/>\n\t<circle opacity=\"0.06\" cx=\"256\" cy=\"256\" r=\"207.5\" stroke=\"#181325\"\/>\n\t<circle opacity=\"0.04\" cx=\"256\" cy=\"256\" r=\"255.5\" stroke=\"#181325\"\/>\n\t<circle opacity=\"0.12\" cx=\"256\" cy=\"256\" r=\"63.5\" stroke=\"#181325\"\/>\n\t<circle opacity=\"0.1\" cx=\"256\" cy=\"256\" r=\"111.5\" stroke=\"#181325\"\/>\n<\/svg>\n<\/span>\n\n\t<div class=\"content-grid z-10\">\n\t\t<div class=\"grid xxl:grid-cols-[1fr_52%]\">\n\t\t\t<div class=\"py-32 xxl:pt-[11.2rem] xxl:pb-[8.9rem] xxl:max-w-[37.2rem]\">\n\t\t\t\t\t\t\t\t\t<p class=\"h4\">fibufly GmbH<br \/>\r\nFanny-Zobel-Stra\u00dfe 9,<br \/>\r\n12435 Berlin, Niemcy<\/p>\n\t\t\t\t\n\t\t\t\t\t\t\t\t\t<p class=\"flex items-center gap-32 mt-32 lg:mt-48\">\n\t\t\t\t\t\t<span class=\"text-primary-50\"><svg xmlns=\"http:\/\/www.w3.org\/2000\/svg\" width=\"24\" height=\"24\" viewbox=\"0 0 24 24\" fill=\"none\">\n\t<path d=\"M16 3H16.5C18.9853 3 21 5.01472 21 7.5V8M15 7C16.1046 7 17 7.89543 17 9M16.2045 20.941C9.34227 20.0978 3.9022 14.6577 3.05904 7.79555C3.00731 7.37452 2.98144 7.164 3.01523 6.82792C3.05574 6.42489 3.25062 5.85886 3.46679 5.51631C3.64706 5.23065 3.85318 5.02453 4.26543 4.61228C4.96304 3.91467 5.31185 3.56587 5.71147 3.35355C6.26605 3.05891 6.8986 2.94421 7.52132 3.02536C7.97005 3.08384 8.41912 3.28796 9.31726 3.69621L9.41898 3.74245C10.169 4.08335 10.544 4.2538 10.7965 4.5003C11.2147 4.90833 11.4352 5.47764 11.4012 6.06086C11.3806 6.4132 11.2184 6.7918 10.8938 7.54902L10.6467 8.12577C10.5558 8.33787 10.5368 8.5739 10.5928 8.79777C11.1602 11.0675 12.9325 12.8398 15.2022 13.4072C15.4261 13.4632 15.6621 13.4442 15.8742 13.3534L16.451 13.1062C17.2082 12.7816 17.5868 12.6194 17.9391 12.5988C18.5224 12.5648 19.0917 12.7853 19.4997 13.2035C19.7462 13.456 19.9167 13.831 20.2576 14.581L20.3038 14.6827C20.712 15.5809 20.9162 16.03 20.9746 16.4787C21.0558 17.1014 20.9411 17.7339 20.6464 18.2885C20.4341 18.6882 20.0853 19.037 19.3877 19.7346C18.9755 20.1468 18.7693 20.3529 18.4837 20.5332C18.1411 20.7494 17.5751 20.9443 17.1721 20.9848C16.836 21.0186 16.6255 20.9927 16.2045 20.941Z\" stroke=\"currentColor\" stroke-width=\"2\" stroke-linecap=\"round\" stroke-linejoin=\"round\"\/>\n<\/svg>\n<\/span>\n\t\t\t\t\t\t<a href=\"tel:+49 (0) 174 332 18 03\" class=\"text-neutral-1000 hover:text-primary-50 h5\">+49 (0) 174 332 18 03<\/a>\n\t\t\t\t\t<\/p>\n\t\t\t\t\n\t\t\t\t\t\t\t\t\t<p class=\"flex items-center gap-32 mt-20\">\n\t\t\t\t\t\t<span class=\"text-primary-50\"><svg xmlns=\"http:\/\/www.w3.org\/2000\/svg\" width=\"24\" height=\"24\" viewbox=\"0 0 24 24\" fill=\"none\">\n\t<path d=\"M7 9L10.971 11.3826C11.6044 11.7626 12.3956 11.7626 13.029 11.3826L17 9M9.4 20H14.6C16.8402 20 17.9603 20 18.816 19.564C19.5686 19.1805 20.1805 18.5686 20.564 17.816C21 16.9603 21 15.8402 21 13.6V10.4C21 8.15979 21 7.03968 20.564 6.18404C20.1805 5.43139 19.5686 4.81947 18.816 4.43597C17.9603 4 16.8402 4 14.6 4H9.4C7.15979 4 6.03968 4 5.18404 4.43597C4.43139 4.81947 3.81947 5.43139 3.43597 6.18404C3 7.03968 3 8.15979 3 10.4V13.6C3 15.8402 3 16.9603 3.43597 17.816C3.81947 18.5686 4.43139 19.1805 5.18404 19.564C6.03968 20 7.15979 20 9.4 20Z\" stroke=\"currentColor\" stroke-width=\"2\" stroke-linecap=\"round\" stroke-linejoin=\"round\"\/>\n<\/svg>\n<\/span>\n\t\t\t\t\t\t<a href=\"mailto:kontakt@fibufly.de\" class=\"text-neutral-1000 hover:text-primary-50 h5\">kontakt@fibufly.de<\/a>\n\t\t\t\t\t<\/p>\n\t\t\t\t\n\t\t\t\t\t\t\t\t\t<p class=\"text-neutral-1000 font-semibold mt-40\">Godziny otwarcia \/ konsultacji telefonicznych:<\/p>\n\t\t\t\t\t<p class=\"text-neutral-900\">Poniedzia\u0142ek &#8211; Czwartek: 10:00 &#8211; 16:00<br \/>\r\nPi\u0105tek: 10:00 &#8211; 13:00<\/p>\n\t\t\t\t\n\t\t\t\t<p class=\"text-neutral-1000 font-semibold mt-40\">Gesch\u00e4ftsf\u00fchrer:<\/p>\n\t\t\t\t<p class=\"text-neutral-900\">Daniel Aleksander Kozak<br \/>\r\nAmtsgericht Charlottenburg HRB 184995 B<\/p>\n\n\t\t\t\t<div class=\"mt-40\">\n\t\t\t\t\t\t\n\t<button class=\"emp-copy-button flex items-center justify-between py-20 border-y border-neutral-200 cursor-pointer w-full\" data-text-to-copy=\"DE312658312\">\n\t\t\t\t\t<span class=\"text-neutral-900\"><strong>USt-IdNr:<\/strong> DE312658312<\/span>\n\t\t\t\t<div class=\"size-24 relative shrink-0\">\n\t\t\t<span class=\"emp-copy-button__check-icon absolute size-full left-1\/2 top-1\/2 -translate-x-1\/2 -translate-y-1\/2 text-primary-50\"><svg xmlns=\"http:\/\/www.w3.org\/2000\/svg\" width=\"20\" height=\"20\" viewbox=\"0 0 20 20\" fill=\"none\">\n\t<path d=\"M2 10L7.5 15.5L18 5\" stroke=\"currentColor\" stroke-width=\"1.5\" stroke-miterlimit=\"22.9256\" stroke-linecap=\"round\" stroke-linejoin=\"round\"\/>\n<\/svg>\n<\/span>\n\t\t\t<span class=\"emp-copy-button__copy-icon absolute size-full left-1\/2 top-1\/2 -translate-x-1\/2 -translate-y-1\/2 text-primary-50\"><svg xmlns=\"http:\/\/www.w3.org\/2000\/svg\" width=\"24\" height=\"24\" viewbox=\"0 0 24 24\" fill=\"none\">\n\t<path d=\"M6 7.2002C6 6.88192 6.12643 6.57667 6.35147 6.35162C6.57652 6.12656 6.88174 6.00012 7.2 6.00012H13.2C13.5183 6.00012 13.8235 6.12656 14.0485 6.35162C14.2736 6.57667 14.4 6.88192 14.4 7.2002V9.60034H16.8C17.1183 9.60034 17.4235 9.72678 17.6485 9.95184C17.8736 10.1769 18 10.4821 18 10.8004V16.8008C18 17.1191 17.8736 17.4243 17.6485 17.6494C17.4235 17.8744 17.1183 18.0009 16.8 18.0009H10.8C10.4817 18.0009 10.1765 17.8744 9.95147 17.6494C9.72643 17.4243 9.6 17.1191 9.6 16.8008V14.4006H7.2C6.88174 14.4006 6.57652 14.2742 6.35147 14.0491C6.12643 13.8241 6 13.5188 6 13.2006V7.2002ZM10.8 14.4006V16.8008H16.8V10.8004H14.4V13.2006C14.4 13.5188 14.2736 13.8241 14.0485 14.0491C13.8235 14.2742 13.5183 14.4006 13.2 14.4006H10.8ZM13.2 13.2006V7.2002H7.2V13.2006H13.2Z\" fill=\"currentColor\"\/>\n<\/svg>\n<\/span>\n\t\t<\/div>\n\t<\/button>\n\t\t\t\t<\/div>\n\t\t\t<\/div>\n\n\t\t\t\t\t\t\t<div class=\"p-32 lg:py-64 lg:px-72 bg-white xxl:mt-[-47%] xxxl:mt-[-42%] xxxxl:mt-[-41%] xxl:mb-[8.9rem]\">\n\t\t\t\t\t<p class=\"h4 mb-32\">Formularz kontaktowy<\/p>\n\n\t\t\t\t\t\n<div class=\"wpcf7 no-js\" id=\"wpcf7-f595-o1\" lang=\"pl-PL\" dir=\"ltr\" data-wpcf7-id=\"595\">\n<div class=\"screen-reader-response\"><p role=\"status\" aria-live=\"polite\" aria-atomic=\"true\"><\/p> <ul><\/ul><\/div>\n<form action=\"\/de\/wp-json\/wp\/v2\/pages\/241#wpcf7-f595-o1\" method=\"post\" class=\"wpcf7-form init\" aria-label=\"Formularz kontaktowy\" novalidate=\"novalidate\" data-status=\"init\">\n<fieldset class=\"hidden-fields-container\"><input type=\"hidden\" name=\"_wpcf7\" value=\"595\" \/><input type=\"hidden\" name=\"_wpcf7_version\" value=\"6.1.5\" \/><input type=\"hidden\" name=\"_wpcf7_locale\" value=\"pl_PL\" \/><input type=\"hidden\" name=\"_wpcf7_unit_tag\" value=\"wpcf7-f595-o1\" \/><input type=\"hidden\" name=\"_wpcf7_container_post\" value=\"0\" \/><input type=\"hidden\" name=\"_wpcf7_posted_data_hash\" value=\"\" \/><input type=\"hidden\" name=\"_wpcf7cf_hidden_group_fields\" value=\"[]\" \/><input type=\"hidden\" name=\"_wpcf7cf_hidden_groups\" value=\"[]\" \/><input type=\"hidden\" name=\"_wpcf7cf_visible_groups\" value=\"[]\" \/><input type=\"hidden\" name=\"_wpcf7cf_repeaters\" value=\"[]\" \/><input type=\"hidden\" name=\"_wpcf7cf_steps\" value=\"{}\" \/><input type=\"hidden\" name=\"_wpcf7cf_options\" value=\"{&quot;form_id&quot;:595,&quot;conditions&quot;:[],&quot;settings&quot;:{&quot;animation&quot;:&quot;yes&quot;,&quot;animation_intime&quot;:200,&quot;animation_outtime&quot;:200,&quot;conditions_ui&quot;:&quot;normal&quot;,&quot;notice_dismissed&quot;:false}}\" \/><input type=\"hidden\" name=\"_wpcf7_recaptcha_response\" value=\"\" \/>\n<\/fieldset>\n<p><label> Imi\u0119 i nazwisko*<br \/>\n<span class=\"wpcf7-form-control-wrap\" data-name=\"your-name\"><input size=\"40\" maxlength=\"400\" class=\"wpcf7-form-control wpcf7-text wpcf7-validates-as-required\" autocomplete=\"name\" aria-required=\"true\" aria-invalid=\"false\" placeholder=\"Wpisz swoje imi\u0119 i nazwisko\" value=\"\" type=\"text\" name=\"your-name\" \/><\/span> <\/label>\n<\/p>\n<p><label> Adres e-mail*<br \/>\n<span class=\"wpcf7-form-control-wrap\" data-name=\"your-email\"><input size=\"40\" maxlength=\"400\" class=\"wpcf7-form-control wpcf7-email wpcf7-validates-as-required wpcf7-text wpcf7-validates-as-email\" autocomplete=\"email\" aria-required=\"true\" aria-invalid=\"false\" placeholder=\"Wpisz sw\u00f3j adres e-mail\" value=\"\" type=\"email\" name=\"your-email\" \/><\/span> <\/label>\n<\/p>\n<p><label> Telefon<br \/>\n<span class=\"wpcf7-form-control-wrap\" data-name=\"your-phone\"><input size=\"40\" maxlength=\"400\" class=\"wpcf7-form-control wpcf7-tel wpcf7-text wpcf7-validates-as-tel\" autocomplete=\"phone\" aria-invalid=\"false\" placeholder=\"Wpisz sw\u00f3j nr telefonu\" value=\"\" type=\"tel\" name=\"your-phone\" \/><\/span> <\/label>\n<\/p>\n<p><label> Wiadomo\u015b\u0107*<br \/>\n<span class=\"wpcf7-form-control-wrap\" data-name=\"your-message\"><textarea cols=\"40\" rows=\"10\" maxlength=\"2000\" class=\"wpcf7-form-control wpcf7-textarea wpcf7-validates-as-required\" aria-required=\"true\" aria-invalid=\"false\" placeholder=\"O co chcesz zapyta\u0107?\" name=\"your-message\"><\/textarea><\/span> <\/label>\n<\/p>\n<p><span class=\"wpcf7-form-control-wrap\" data-name=\"acceptance\"><span class=\"wpcf7-form-control wpcf7-acceptance\"><span class=\"wpcf7-list-item\"><label><input type=\"checkbox\" name=\"acceptance\" value=\"1\" aria-invalid=\"false\" \/><span class=\"wpcf7-list-item-label\">Administratorem Twoich danych jest fibufly (kontakt: kontakt@fibufly.de). Twoje dane podane w formularzu przetwarzamy w celu kontaktu z Tob\u0105 i udzielenia odpowiedzi na Twoj\u0105 wiadomo\u015b\u0107. Masz prawo do: dost\u0119pu do swoich danych, ich sprostowania, usuni\u0119cia, ograniczenia przetwarzania oraz przenoszenia, sprzeciwu wobec przetwarzania danych, a tak\u017ce z\u0142o\u017cenia skargi dotycz\u0105cej przetwarzania danych. Wi\u0119cej informacji na temat przetwarzania danych osobowych znajdziesz <a href=\"http:\/\/fibufly.com\/polityka-prywatnosci\">tutaj<\/a>.<\/span><\/label><\/span><\/span><\/span>\n<\/p>\n<p><button class=\"btn\">Wy\u015blij wiadomo\u015b\u0107<\/button>\n<\/p><div class=\"wpcf7-response-output\" aria-hidden=\"true\"><\/div>\n<\/form>\n<\/div>\n\n\t\t\t\t<\/div>\n\t\t\t\t\t<\/div>\n\t<\/div>\n<\/section>\n\n\n<section class=\"map py-48 lg:pt-128 lg:pb-160\">\n\t<div class=\"flex flex-col items-center mb-40 lg:mb-80\">\n\t\t\t\t\t<p class=\"h5 font-semibold text-primary-50 mb-24\">Lokalizacja<\/p>\n\t\t\n\t\t\t\t\t\n\t<h2 class=\" \">\n\n\t\tGdzie nas znajdziesz\n\n\t<\/h2>\n\n\t\t\t<\/div>\n\n\t<div class=\"google-map-container\">\n\n\t\n\t\t\n\t\t\n\t\t\t<div id=\"gmap\" class=\"size-full min-h-[30rem] aspect-[412\/109]\" data-key=\"AIzaSyBw7MMvEi1oc9GOX8T5EySLMBJXE-w7Xl0\" data-marker=\"https:\/\/fibufly.com\/wp-content\/uploads\/2025\/09\/pin.png\" data-lng=\"13.455951341004866\" data-lat=\"52.49720234792026\"><\/div>\n\n\t\t\n\t\n<\/div>\n<\/section>\n","protected":false},"excerpt":{"rendered":"","protected":false},"author":1,"featured_media":0,"parent":0,"menu_order":0,"comment_status":"closed","ping_status":"closed","template":"","meta":{"_acf_changed":false,"footnotes":""},"class_list":["post-241","page","type-page","status-publish","hentry"],"acf":[],"yoast_head":"<!-- This site is optimized with the Yoast SEO plugin v27.0 - https:\/\/yoast.com\/product\/yoast-seo-wordpress\/ -->\n<title>Kontakt - fibufly<\/title>\n<meta name=\"robots\" content=\"index, follow, max-snippet:-1, max-image-preview:large, max-video-preview:-1\" \/>\n<link rel=\"canonical\" href=\"https:\/\/fibufly.com\/de\/kontakt\/\" \/>\n<meta property=\"og:locale\" content=\"de_DE\" \/>\n<meta property=\"og:type\" content=\"article\" \/>\n<meta property=\"og:title\" content=\"Kontakt - fibufly\" \/>\n<meta property=\"og:url\" content=\"https:\/\/fibufly.com\/de\/kontakt\/\" \/>\n<meta property=\"og:site_name\" content=\"fibufly\" \/>\n<meta property=\"article:modified_time\" content=\"2026-02-24T14:06:28+00:00\" \/>\n<meta name=\"twitter:card\" content=\"summary_large_image\" \/>\n<script type=\"application\/ld+json\" class=\"yoast-schema-graph\">{\"@context\":\"https:\/\/schema.org\",\"@graph\":[{\"@type\":\"WebPage\",\"@id\":\"https:\/\/fibufly.com\/kontakt\/\",\"url\":\"https:\/\/fibufly.com\/kontakt\/\",\"name\":\"Kontakt - fibufly\",\"isPartOf\":{\"@id\":\"https:\/\/fibufly.com\/#website\"},\"datePublished\":\"2025-09-17T09:57:50+00:00\",\"dateModified\":\"2026-02-24T14:06:28+00:00\",\"breadcrumb\":{\"@id\":\"https:\/\/fibufly.com\/kontakt\/#breadcrumb\"},\"inLanguage\":\"de\",\"potentialAction\":[{\"@type\":\"ReadAction\",\"target\":[\"https:\/\/fibufly.com\/kontakt\/\"]}]},{\"@type\":\"BreadcrumbList\",\"@id\":\"https:\/\/fibufly.com\/kontakt\/#breadcrumb\",\"itemListElement\":[{\"@type\":\"ListItem\",\"position\":1,\"name\":\"Strona g\u0142\u00f3wna\",\"item\":\"https:\/\/fibufly.com\/\"},{\"@type\":\"ListItem\",\"position\":2,\"name\":\"Kontakt\"}]},{\"@type\":\"WebSite\",\"@id\":\"https:\/\/fibufly.com\/#website\",\"url\":\"https:\/\/fibufly.com\/\",\"name\":\"fibufly\",\"description\":\"\",\"potentialAction\":[{\"@type\":\"SearchAction\",\"target\":{\"@type\":\"EntryPoint\",\"urlTemplate\":\"https:\/\/fibufly.com\/?s={search_term_string}\"},\"query-input\":{\"@type\":\"PropertyValueSpecification\",\"valueRequired\":true,\"valueName\":\"search_term_string\"}}],\"inLanguage\":\"de\"}]}<\/script>\n<!-- \/ Yoast SEO plugin. -->","yoast_head_json":{"title":"Kontakt - fibufly","robots":{"index":"index","follow":"follow","max-snippet":"max-snippet:-1","max-image-preview":"max-image-preview:large","max-video-preview":"max-video-preview:-1"},"canonical":"https:\/\/fibufly.com\/de\/kontakt\/","og_locale":"de_DE","og_type":"article","og_title":"Kontakt - fibufly","og_url":"https:\/\/fibufly.com\/de\/kontakt\/","og_site_name":"fibufly","article_modified_time":"2026-02-24T14:06:28+00:00","twitter_card":"summary_large_image","schema":{"@context":"https:\/\/schema.org","@graph":[{"@type":"WebPage","@id":"https:\/\/fibufly.com\/kontakt\/","url":"https:\/\/fibufly.com\/kontakt\/","name":"Kontakt - fibufly","isPartOf":{"@id":"https:\/\/fibufly.com\/#website"},"datePublished":"2025-09-17T09:57:50+00:00","dateModified":"2026-02-24T14:06:28+00:00","breadcrumb":{"@id":"https:\/\/fibufly.com\/kontakt\/#breadcrumb"},"inLanguage":"de","potentialAction":[{"@type":"ReadAction","target":["https:\/\/fibufly.com\/kontakt\/"]}]},{"@type":"BreadcrumbList","@id":"https:\/\/fibufly.com\/kontakt\/#breadcrumb","itemListElement":[{"@type":"ListItem","position":1,"name":"Strona g\u0142\u00f3wna","item":"https:\/\/fibufly.com\/"},{"@type":"ListItem","position":2,"name":"Kontakt"}]},{"@type":"WebSite","@id":"https:\/\/fibufly.com\/#website","url":"https:\/\/fibufly.com\/","name":"fibufly","description":"","potentialAction":[{"@type":"SearchAction","target":{"@type":"EntryPoint","urlTemplate":"https:\/\/fibufly.com\/?s={search_term_string}"},"query-input":{"@type":"PropertyValueSpecification","valueRequired":true,"valueName":"search_term_string"}}],"inLanguage":"de"}]}},"_links":{"self":[{"href":"https:\/\/fibufly.com\/de\/wp-json\/wp\/v2\/pages\/241","targetHints":{"allow":["GET"]}}],"collection":[{"href":"https:\/\/fibufly.com\/de\/wp-json\/wp\/v2\/pages"}],"about":[{"href":"https:\/\/fibufly.com\/de\/wp-json\/wp\/v2\/types\/page"}],"author":[{"embeddable":true,"href":"https:\/\/fibufly.com\/de\/wp-json\/wp\/v2\/users\/1"}],"replies":[{"embeddable":true,"href":"https:\/\/fibufly.com\/de\/wp-json\/wp\/v2\/comments?post=241"}],"version-history":[{"count":17,"href":"https:\/\/fibufly.com\/de\/wp-json\/wp\/v2\/pages\/241\/revisions"}],"predecessor-version":[{"id":784,"href":"https:\/\/fibufly.com\/de\/wp-json\/wp\/v2\/pages\/241\/revisions\/784"}],"wp:attachment":[{"href":"https:\/\/fibufly.com\/de\/wp-json\/wp\/v2\/media?parent=241"}],"curies":[{"name":"wp","href":"https:\/\/api.w.org\/{rel}","templated":true}]}}