{"id":205,"date":"2025-09-17T10:46:04","date_gmt":"2025-09-17T08:46:04","guid":{"rendered":"https:\/\/fibufly.empressia.dev\/?page_id=205"},"modified":"2025-10-23T13:07:36","modified_gmt":"2025-10-23T11:07:36","slug":"impressum","status":"publish","type":"page","link":"http:\/\/fibufly.com\/de\/impressum\/","title":{"rendered":"Impressum"},"content":{"rendered":"<p>fibufly GmbH <br>Fanny-Zobel-Stra\u00dfe 9<br>12435 Berlin Niemcy <\/p>\n\n\n\n<p>+49 (0) 174 332 18 03<br><a href=\"mailto:kontakt@fibufly.de\">kontakt@fibufly.de<\/a><\/p>\n\n\n\n<p>Gesch\u00e4ftsf\u00fchrer: Daniel Aleksander Kozak<br>Amtsgericht Charlottenburg HRB 184995 B<\/p>\n\n\n\n<p>USt-IdNr: DE312658312<\/p>\n\n\n\n<p>Inhaltlich Verantwortlicher gem. \u00a7 55 Abs. 2 RStV:<br>Daniel Aleksander Kozak (Anschrift wie oben)<\/p>\n\n\n\n<p><a href=\"http:\/\/fibufly.com\/de\/\">Datenschutzerkl\u00e4rung<\/a><\/p>\n\n\n\n\n\n<div style=\"height: clamp(1.6rem, 0rem + 2.8571428571429vw, 4rem);\" aria-hidden=\"true\"><\/div>\n\n\n\n<p id=\"info\">* Unsere Dienstleistungen stellen keine Steuerberatung im Sinne des deutschen Rechts (\u00a7 3 StBerG) dar. Unsere Leistungen beschr\u00e4nken sich ausschlie\u00dflich auf die in \u00a7 6 des Steuerberatungsgesetzes (StBerG) vorgesehenen T\u00e4tigkeiten, insbesondere auf die Verbuchung laufender Gesch\u00e4ftsvorf\u00e4lle, die Durchf\u00fchrung der Lohnabrechnungen sowie die Erstellung von Lohnsteueranmeldungen.<\/p>","protected":false},"excerpt":{"rendered":"fibufly GmbH Fanny-Zobel-Stra\u00dfe 912435 Berlin Niemcy +49 (0) 174 332 18 03kontakt@fibufly.de Gesch\u00e4ftsf\u00fchrer: Daniel Aleksander KozakAmtsgericht Charlottenburg HRB 184995 B USt-IdNr: DE312658312 Inhaltlich Verantwortlicher gem. \u00a7 55 Abs. 2 RStV:Daniel Aleksander Kozak (Anschrift wie oben) Datenschutzerkl\u00e4rung * Nasze us\u0142ugi nie stanowi\u0105 doradztwa podatkowego w rozumieniu niemieckiego prawa (\u00a7 3 StBerG). Nasze us\u0142ugi ograniczaj\u0105 si\u0119 wy\u0142\u0105cznie [&hellip;]","protected":false},"author":1,"featured_media":0,"parent":0,"menu_order":0,"comment_status":"closed","ping_status":"closed","template":"legal","meta":{"_acf_changed":false,"footnotes":""},"class_list":["post-205","page","type-page","status-publish","hentry"],"acf":[],"yoast_head":"<!-- This site is optimized with the Yoast SEO plugin v27.0 - https:\/\/yoast.com\/product\/yoast-seo-wordpress\/ -->\n<title>Impressum - fibufly<\/title>\n<meta name=\"robots\" content=\"index, follow, max-snippet:-1, max-image-preview:large, max-video-preview:-1\" \/>\n<link rel=\"canonical\" href=\"https:\/\/fibufly.com\/de\/impressum\/\" \/>\n<meta property=\"og:locale\" content=\"de_DE\" \/>\n<meta property=\"og:type\" content=\"article\" \/>\n<meta property=\"og:title\" content=\"Impressum - fibufly\" \/>\n<meta property=\"og:description\" content=\"fibufly GmbH Fanny-Zobel-Stra\u00dfe 912435 Berlin Niemcy +49 (0) 174 332 18 03kontakt@fibufly.de Gesch\u00e4ftsf\u00fchrer: Daniel Aleksander KozakAmtsgericht Charlottenburg HRB 184995 B USt-IdNr: DE312658312 Inhaltlich Verantwortlicher gem. \u00a7 55 Abs. 2 RStV:Daniel Aleksander Kozak (Anschrift wie oben) Datenschutzerkl\u00e4rung * Nasze us\u0142ugi nie stanowi\u0105 doradztwa podatkowego w rozumieniu niemieckiego prawa (\u00a7 3 StBerG). Nasze us\u0142ugi ograniczaj\u0105 si\u0119 wy\u0142\u0105cznie [&hellip;]\" \/>\n<meta property=\"og:url\" content=\"https:\/\/fibufly.com\/de\/impressum\/\" \/>\n<meta property=\"og:site_name\" content=\"fibufly\" \/>\n<meta property=\"article:modified_time\" content=\"2025-10-23T11:07:36+00:00\" \/>\n<meta name=\"twitter:card\" content=\"summary_large_image\" \/>\n<meta name=\"twitter:label1\" content=\"Gesch\u00e4tzte Lesezeit\" \/>\n\t<meta name=\"twitter:data1\" content=\"1\u00a0Minute\" \/>\n<script type=\"application\/ld+json\" class=\"yoast-schema-graph\">{\"@context\":\"https:\/\/schema.org\",\"@graph\":[{\"@type\":\"WebPage\",\"@id\":\"https:\/\/fibufly.com\/impressum\/\",\"url\":\"https:\/\/fibufly.com\/impressum\/\",\"name\":\"Impressum - fibufly\",\"isPartOf\":{\"@id\":\"https:\/\/fibufly.com\/#website\"},\"datePublished\":\"2025-09-17T08:46:04+00:00\",\"dateModified\":\"2025-10-23T11:07:36+00:00\",\"breadcrumb\":{\"@id\":\"https:\/\/fibufly.com\/impressum\/#breadcrumb\"},\"inLanguage\":\"de\",\"potentialAction\":[{\"@type\":\"ReadAction\",\"target\":[\"https:\/\/fibufly.com\/impressum\/\"]}]},{\"@type\":\"BreadcrumbList\",\"@id\":\"https:\/\/fibufly.com\/impressum\/#breadcrumb\",\"itemListElement\":[{\"@type\":\"ListItem\",\"position\":1,\"name\":\"Strona g\u0142\u00f3wna\",\"item\":\"https:\/\/fibufly.com\/\"},{\"@type\":\"ListItem\",\"position\":2,\"name\":\"Impressum\"}]},{\"@type\":\"WebSite\",\"@id\":\"https:\/\/fibufly.com\/#website\",\"url\":\"https:\/\/fibufly.com\/\",\"name\":\"fibufly\",\"description\":\"\",\"potentialAction\":[{\"@type\":\"SearchAction\",\"target\":{\"@type\":\"EntryPoint\",\"urlTemplate\":\"https:\/\/fibufly.com\/?s={search_term_string}\"},\"query-input\":{\"@type\":\"PropertyValueSpecification\",\"valueRequired\":true,\"valueName\":\"search_term_string\"}}],\"inLanguage\":\"de\"}]}<\/script>\n<!-- \/ Yoast SEO plugin. -->","yoast_head_json":{"title":"Impressum - fibufly","robots":{"index":"index","follow":"follow","max-snippet":"max-snippet:-1","max-image-preview":"max-image-preview:large","max-video-preview":"max-video-preview:-1"},"canonical":"https:\/\/fibufly.com\/de\/impressum\/","og_locale":"de_DE","og_type":"article","og_title":"Impressum - fibufly","og_description":"fibufly GmbH Fanny-Zobel-Stra\u00dfe 912435 Berlin Niemcy +49 (0) 174 332 18 03kontakt@fibufly.de Gesch\u00e4ftsf\u00fchrer: Daniel Aleksander KozakAmtsgericht Charlottenburg HRB 184995 B USt-IdNr: DE312658312 Inhaltlich Verantwortlicher gem. \u00a7 55 Abs. 2 RStV:Daniel Aleksander Kozak (Anschrift wie oben) Datenschutzerkl\u00e4rung * Nasze us\u0142ugi nie stanowi\u0105 doradztwa podatkowego w rozumieniu niemieckiego prawa (\u00a7 3 StBerG). Nasze us\u0142ugi ograniczaj\u0105 si\u0119 wy\u0142\u0105cznie [&hellip;]","og_url":"https:\/\/fibufly.com\/de\/impressum\/","og_site_name":"fibufly","article_modified_time":"2025-10-23T11:07:36+00:00","twitter_card":"summary_large_image","twitter_misc":{"Gesch\u00e4tzte Lesezeit":"1\u00a0Minute"},"schema":{"@context":"https:\/\/schema.org","@graph":[{"@type":"WebPage","@id":"https:\/\/fibufly.com\/impressum\/","url":"https:\/\/fibufly.com\/impressum\/","name":"Impressum - fibufly","isPartOf":{"@id":"https:\/\/fibufly.com\/#website"},"datePublished":"2025-09-17T08:46:04+00:00","dateModified":"2025-10-23T11:07:36+00:00","breadcrumb":{"@id":"https:\/\/fibufly.com\/impressum\/#breadcrumb"},"inLanguage":"de","potentialAction":[{"@type":"ReadAction","target":["https:\/\/fibufly.com\/impressum\/"]}]},{"@type":"BreadcrumbList","@id":"https:\/\/fibufly.com\/impressum\/#breadcrumb","itemListElement":[{"@type":"ListItem","position":1,"name":"Strona g\u0142\u00f3wna","item":"https:\/\/fibufly.com\/"},{"@type":"ListItem","position":2,"name":"Impressum"}]},{"@type":"WebSite","@id":"https:\/\/fibufly.com\/#website","url":"https:\/\/fibufly.com\/","name":"fibufly","description":"","potentialAction":[{"@type":"SearchAction","target":{"@type":"EntryPoint","urlTemplate":"https:\/\/fibufly.com\/?s={search_term_string}"},"query-input":{"@type":"PropertyValueSpecification","valueRequired":true,"valueName":"search_term_string"}}],"inLanguage":"de"}]}},"_links":{"self":[{"href":"http:\/\/fibufly.com\/de\/wp-json\/wp\/v2\/pages\/205","targetHints":{"allow":["GET"]}}],"collection":[{"href":"http:\/\/fibufly.com\/de\/wp-json\/wp\/v2\/pages"}],"about":[{"href":"http:\/\/fibufly.com\/de\/wp-json\/wp\/v2\/types\/page"}],"author":[{"embeddable":true,"href":"http:\/\/fibufly.com\/de\/wp-json\/wp\/v2\/users\/1"}],"replies":[{"embeddable":true,"href":"http:\/\/fibufly.com\/de\/wp-json\/wp\/v2\/comments?post=205"}],"version-history":[{"count":10,"href":"http:\/\/fibufly.com\/de\/wp-json\/wp\/v2\/pages\/205\/revisions"}],"predecessor-version":[{"id":716,"href":"http:\/\/fibufly.com\/de\/wp-json\/wp\/v2\/pages\/205\/revisions\/716"}],"wp:attachment":[{"href":"http:\/\/fibufly.com\/de\/wp-json\/wp\/v2\/media?parent=205"}],"curies":[{"name":"wp","href":"https:\/\/api.w.org\/{rel}","templated":true}]}}